{"id":2976,"date":"2025-08-14T13:37:31","date_gmt":"2025-08-14T13:37:31","guid":{"rendered":"https:\/\/opg-pucer.hr\/novosti\/"},"modified":"2025-08-18T11:29:47","modified_gmt":"2025-08-18T11:29:47","slug":"novosti","status":"publish","type":"page","link":"https:\/\/opg-pucer.hr\/en\/novosti\/","title":{"rendered":"News"},"content":{"rendered":"<div class=\"fusion-fullwidth fullwidth-box fusion-builder-row-1 fusion-flex-container has-pattern-background has-mask-background nonhundred-percent-fullwidth non-hundred-percent-height-scrolling\" style=\"--link_hover_color: var(--awb-color5);--link_color: var(--awb-color5);--awb-background-position:right top;--awb-background-blend-mode:overlay;--awb-border-color:var(--awb-color1);--awb-border-radius-top-left:0px;--awb-border-radius-top-right:0px;--awb-border-radius-bottom-right:0px;--awb-border-radius-bottom-left:0px;--awb-padding-top:80px;--awb-padding-bottom:70px;--awb-padding-top-medium:90px;--awb-padding-bottom-medium:90px;--awb-padding-top-small:75px;--awb-padding-bottom-small:75px;--awb-margin-bottom-medium:0px;--awb-background-color:var(--awb-color1);--awb-flex-wrap:wrap;\" ><div class=\"fusion-builder-row fusion-row fusion-flex-align-items-center fusion-flex-content-wrap\" style=\"max-width:1248px;margin-left: calc(-4% \/ 2 );margin-right: calc(-4% \/ 2 );\"><div class=\"fusion-layout-column fusion_builder_column fusion-builder-column-0 fusion_builder_column_1_1 1_1 fusion-flex-column fusion-flex-align-self-center\" style=\"--awb-padding-bottom-medium:0px;--awb-bg-size:cover;--awb-width-large:100%;--awb-margin-top-large:0px;--awb-spacing-right-large:1.8432%;--awb-margin-bottom-large:0px;--awb-spacing-left-large:1.92%;--awb-width-medium:60%;--awb-order-medium:0;--awb-spacing-right-medium:3.072%;--awb-spacing-left-medium:20px;--awb-width-small:100%;--awb-order-small:0;--awb-spacing-right-small:1.8432%;--awb-spacing-left-small:20px;\"><div class=\"fusion-column-wrapper fusion-column-has-shadow fusion-flex-justify-content-flex-start fusion-content-layout-column\"><div class=\"fusion-title title fusion-title-1 fusion-sep-none fusion-title-center fusion-title-text fusion-title-size-two\" style=\"--awb-text-color:var(--awb-color5);--awb-margin-bottom:30px;--awb-margin-top-small:10px;--awb-margin-right-small:0px;--awb-margin-bottom-small:40px;--awb-margin-left-small:0px;\"><h2 class=\"fusion-title-heading title-heading-center\" style=\"margin:0;\">News<\/h2><\/div><div class=\"fusion-post-cards fusion-post-cards-1 fusion-grid-archive fusion-grid-columns-3\" style=\"--awb-dots-align:center;--awb-columns:3;--awb-active-filter-border-size:3px;--awb-filters-height:36px;\" data-post-type-label=\"posts\"><ul class=\"fusion-grid fusion-grid-3 fusion-flex-align-items-flex-start fusion-grid-posts-cards\"><li class=\"fusion-layout-column fusion_builder_column fusion-builder-column-1 fusion-flex-column fusion-column-inner-bg-wrapper post-card fusion-grid-column fusion-post-cards-grid-column\" style=\"--awb-inner-bg-color:#f4f4f4;--awb-inner-bg-color-hover:#f4f4f4;--awb-inner-bg-size:cover;--awb-border-color:var(--awb-color7);--awb-border-style:solid;--awb-transform:translateY(0px);--awb-transform-hover:translateY(-6px);--awb-flex-grow:0;--awb-flex-shrink:0;--awb-flex-grow-medium:0;--awb-flex-shrink-medium:0;--awb-flex-grow-small:0;--awb-flex-shrink-small:0;\"><span class=\"fusion-column-inner-bg hover-type-none\"><a class=\"fusion-column-anchor\" href=\"https:\/\/opg-pucer.hr\/en\/jazz-is-back-bp-2018\/\"><span class=\"fusion-column-inner-bg-image\"><\/span><\/a><\/span><div class=\"fusion-column-wrapper fusion-column-has-shadow fusion-flex-justify-content-flex-start fusion-content-layout-column\"><div class=\"fusion-classic-product-image-wrapper fusion-woo-product-image fusion-post-card-image fusion-post-card-image-1 product-images\" data-layout=\"crossfade\" style=\"--awb-margin-bottom:20px;\"><a href=\"https:\/\/opg-pucer.hr\/en\/jazz-is-back-bp-2018\/\" title=\"JAZZ IS BACK! BP 2018\"><div class=\"featured-image\">\n\t\t<img decoding=\"async\" width=\"1920\" height=\"1282\" src=\"https:\/\/opg-pucer.hr\/wp-content\/uploads\/2025\/08\/Jazz_intro.jpg\" class=\"attachment-full size-full lazyload wp-post-image\" alt=\"\" srcset=\"data:image\/svg+xml,%3Csvg%20xmlns%3D%27http%3A%2F%2Fwww.w3.org%2F2000%2Fsvg%27%20width%3D%271920%27%20height%3D%271282%27%20viewBox%3D%270%200%201920%201282%27%3E%3Crect%20width%3D%271920%27%20height%3D%271282%27%20fill-opacity%3D%220%22%2F%3E%3C%2Fsvg%3E\" data-orig-src=\"https:\/\/opg-pucer.hr\/wp-content\/uploads\/2025\/08\/Jazz_intro.jpg\" data-srcset=\"https:\/\/opg-pucer.hr\/wp-content\/uploads\/2025\/08\/Jazz_intro-200x134.jpg 200w, https:\/\/opg-pucer.hr\/wp-content\/uploads\/2025\/08\/Jazz_intro-400x267.jpg 400w, https:\/\/opg-pucer.hr\/wp-content\/uploads\/2025\/08\/Jazz_intro-600x401.jpg 600w, https:\/\/opg-pucer.hr\/wp-content\/uploads\/2025\/08\/Jazz_intro-800x534.jpg 800w, https:\/\/opg-pucer.hr\/wp-content\/uploads\/2025\/08\/Jazz_intro-1200x801.jpg 1200w, https:\/\/opg-pucer.hr\/wp-content\/uploads\/2025\/08\/Jazz_intro.jpg 1920w\" data-sizes=\"auto\" \/>\n\t<\/div>\n<\/a><\/div><div class=\"fusion-title title fusion-title-2 fusion-sep-none fusion-title-text fusion-title-size-paragraph\" style=\"--awb-margin-top:0px;--awb-margin-bottom:16px;--awb-margin-left:10px;--awb-margin-top-small:0px;--awb-margin-right-small:0px;--awb-margin-bottom-small:16px;--awb-margin-left-small:10px;--awb-link-color:var(--awb-color8);--awb-font-size:24px;\"><p class=\"fusion-title-heading title-heading-left title-heading-tag\" style=\"margin:0;font-size:1em;line-height:1.4;\"><a href=\"https:\/\/opg-pucer.hr\/en\/jazz-is-back-bp-2018\/\" class=\"awb-custom-text-color awb-custom-text-hover-color\" target=\"_self\">JAZZ IS BACK! BP 2018<\/a><\/p><\/div><div class=\"fusion-text fusion-text-1\" style=\"--awb-font-size:14px;--awb-text-color:var(--awb-color8);--awb-margin-left:10px;\"><p>Me\u0111unarodni festival jazza Jazz is Back! BP i ove godine na popularnom Balwan Cityju u Gro\u017enjanu okupit \u0107e renomirane glazbenike svjetske scene.<\/p>\n<\/div><\/div><\/li>\n<\/ul><\/div><\/div><\/div><\/div><\/div>\n","protected":false},"excerpt":{"rendered":"","protected":false},"author":1,"featured_media":2899,"parent":0,"menu_order":0,"comment_status":"closed","ping_status":"closed","template":"100-width.php","meta":{"footnotes":""},"class_list":["post-2976","page","type-page","status-publish","has-post-thumbnail","hentry"],"yoast_head":"<!-- This site is optimized with the Yoast SEO plugin v27.3 - https:\/\/yoast.com\/product\/yoast-seo-wordpress\/ -->\n<title>News - Viva Diego<\/title>\n<meta name=\"robots\" content=\"index, follow, max-snippet:-1, max-image-preview:large, max-video-preview:-1\" \/>\n<link rel=\"canonical\" href=\"https:\/\/opg-pucer.hr\/novosti\/\" \/>\n<meta property=\"og:locale\" content=\"en_US\" \/>\n<meta property=\"og:type\" content=\"article\" \/>\n<meta property=\"og:title\" content=\"News - Viva Diego\" \/>\n<meta property=\"og:url\" content=\"https:\/\/opg-pucer.hr\/novosti\/\" \/>\n<meta property=\"og:site_name\" content=\"Viva Diego\" \/>\n<meta property=\"article:modified_time\" content=\"2025-08-18T11:29:47+00:00\" \/>\n<meta property=\"og:image\" content=\"https:\/\/opg-pucer.hr\/wp-content\/uploads\/2025\/08\/maslinovo-ulje-naslovna-1024x576.jpg\" \/>\n\t<meta property=\"og:image:width\" content=\"1024\" \/>\n\t<meta property=\"og:image:height\" content=\"576\" \/>\n\t<meta property=\"og:image:type\" content=\"image\/jpeg\" \/>\n<meta name=\"twitter:card\" content=\"summary_large_image\" \/>\n<meta name=\"twitter:label1\" content=\"Est. reading time\" \/>\n\t<meta name=\"twitter:data1\" content=\"6 minutes\" \/>\n<script type=\"application\/ld+json\" class=\"yoast-schema-graph\">{\"@context\":\"https:\\\/\\\/schema.org\",\"@graph\":[{\"@type\":\"WebPage\",\"@id\":\"https:\\\/\\\/opg-pucer.hr\\\/novosti\\\/\",\"url\":\"https:\\\/\\\/opg-pucer.hr\\\/novosti\\\/\",\"name\":\"News - Viva Diego\",\"isPartOf\":{\"@id\":\"https:\\\/\\\/opg-pucer.hr\\\/#website\"},\"primaryImageOfPage\":{\"@id\":\"https:\\\/\\\/opg-pucer.hr\\\/novosti\\\/#primaryimage\"},\"image\":{\"@id\":\"https:\\\/\\\/opg-pucer.hr\\\/novosti\\\/#primaryimage\"},\"thumbnailUrl\":\"https:\\\/\\\/opg-pucer.hr\\\/wp-content\\\/uploads\\\/2025\\\/08\\\/maslinovo-ulje-naslovna.jpg\",\"datePublished\":\"2025-08-14T13:37:31+00:00\",\"dateModified\":\"2025-08-18T11:29:47+00:00\",\"breadcrumb\":{\"@id\":\"https:\\\/\\\/opg-pucer.hr\\\/novosti\\\/#breadcrumb\"},\"inLanguage\":\"en-US\",\"potentialAction\":[{\"@type\":\"ReadAction\",\"target\":[\"https:\\\/\\\/opg-pucer.hr\\\/novosti\\\/\"]}]},{\"@type\":\"ImageObject\",\"inLanguage\":\"en-US\",\"@id\":\"https:\\\/\\\/opg-pucer.hr\\\/novosti\\\/#primaryimage\",\"url\":\"https:\\\/\\\/opg-pucer.hr\\\/wp-content\\\/uploads\\\/2025\\\/08\\\/maslinovo-ulje-naslovna.jpg\",\"contentUrl\":\"https:\\\/\\\/opg-pucer.hr\\\/wp-content\\\/uploads\\\/2025\\\/08\\\/maslinovo-ulje-naslovna.jpg\",\"width\":1920,\"height\":1080},{\"@type\":\"BreadcrumbList\",\"@id\":\"https:\\\/\\\/opg-pucer.hr\\\/novosti\\\/#breadcrumb\",\"itemListElement\":[{\"@type\":\"ListItem\",\"position\":1,\"name\":\"Po\u010detna stranica\",\"item\":\"https:\\\/\\\/opg-pucer.hr\\\/en\\\/\"},{\"@type\":\"ListItem\",\"position\":2,\"name\":\"News\"}]},{\"@type\":\"WebSite\",\"@id\":\"https:\\\/\\\/opg-pucer.hr\\\/#website\",\"url\":\"https:\\\/\\\/opg-pucer.hr\\\/\",\"name\":\"Viva Diego\",\"description\":\"App Gro\u017enjan\",\"publisher\":{\"@id\":\"https:\\\/\\\/opg-pucer.hr\\\/#organization\"},\"potentialAction\":[{\"@type\":\"SearchAction\",\"target\":{\"@type\":\"EntryPoint\",\"urlTemplate\":\"https:\\\/\\\/opg-pucer.hr\\\/?s={search_term_string}\"},\"query-input\":{\"@type\":\"PropertyValueSpecification\",\"valueRequired\":true,\"valueName\":\"search_term_string\"}}],\"inLanguage\":\"en-US\"},{\"@type\":\"Organization\",\"@id\":\"https:\\\/\\\/opg-pucer.hr\\\/#organization\",\"name\":\"Viva Diego\",\"url\":\"https:\\\/\\\/opg-pucer.hr\\\/\",\"logo\":{\"@type\":\"ImageObject\",\"inLanguage\":\"en-US\",\"@id\":\"https:\\\/\\\/opg-pucer.hr\\\/#\\\/schema\\\/logo\\\/image\\\/\",\"url\":\"https:\\\/\\\/opg-pucer.hr\\\/wp-content\\\/uploads\\\/2025\\\/08\\\/pucer_logo.png\",\"contentUrl\":\"https:\\\/\\\/opg-pucer.hr\\\/wp-content\\\/uploads\\\/2025\\\/08\\\/pucer_logo.png\",\"width\":531,\"height\":380,\"caption\":\"Viva Diego\"},\"image\":{\"@id\":\"https:\\\/\\\/opg-pucer.hr\\\/#\\\/schema\\\/logo\\\/image\\\/\"}}]}<\/script>\n<!-- \/ Yoast SEO plugin. -->","yoast_head_json":{"title":"News - Viva Diego","robots":{"index":"index","follow":"follow","max-snippet":"max-snippet:-1","max-image-preview":"max-image-preview:large","max-video-preview":"max-video-preview:-1"},"canonical":"https:\/\/opg-pucer.hr\/novosti\/","og_locale":"en_US","og_type":"article","og_title":"News - Viva Diego","og_url":"https:\/\/opg-pucer.hr\/novosti\/","og_site_name":"Viva Diego","article_modified_time":"2025-08-18T11:29:47+00:00","og_image":[{"width":1024,"height":576,"url":"https:\/\/opg-pucer.hr\/wp-content\/uploads\/2025\/08\/maslinovo-ulje-naslovna-1024x576.jpg","type":"image\/jpeg"}],"twitter_card":"summary_large_image","twitter_misc":{"Est. reading time":"6 minutes"},"schema":{"@context":"https:\/\/schema.org","@graph":[{"@type":"WebPage","@id":"https:\/\/opg-pucer.hr\/novosti\/","url":"https:\/\/opg-pucer.hr\/novosti\/","name":"News - Viva Diego","isPartOf":{"@id":"https:\/\/opg-pucer.hr\/#website"},"primaryImageOfPage":{"@id":"https:\/\/opg-pucer.hr\/novosti\/#primaryimage"},"image":{"@id":"https:\/\/opg-pucer.hr\/novosti\/#primaryimage"},"thumbnailUrl":"https:\/\/opg-pucer.hr\/wp-content\/uploads\/2025\/08\/maslinovo-ulje-naslovna.jpg","datePublished":"2025-08-14T13:37:31+00:00","dateModified":"2025-08-18T11:29:47+00:00","breadcrumb":{"@id":"https:\/\/opg-pucer.hr\/novosti\/#breadcrumb"},"inLanguage":"en-US","potentialAction":[{"@type":"ReadAction","target":["https:\/\/opg-pucer.hr\/novosti\/"]}]},{"@type":"ImageObject","inLanguage":"en-US","@id":"https:\/\/opg-pucer.hr\/novosti\/#primaryimage","url":"https:\/\/opg-pucer.hr\/wp-content\/uploads\/2025\/08\/maslinovo-ulje-naslovna.jpg","contentUrl":"https:\/\/opg-pucer.hr\/wp-content\/uploads\/2025\/08\/maslinovo-ulje-naslovna.jpg","width":1920,"height":1080},{"@type":"BreadcrumbList","@id":"https:\/\/opg-pucer.hr\/novosti\/#breadcrumb","itemListElement":[{"@type":"ListItem","position":1,"name":"Po\u010detna stranica","item":"https:\/\/opg-pucer.hr\/en\/"},{"@type":"ListItem","position":2,"name":"News"}]},{"@type":"WebSite","@id":"https:\/\/opg-pucer.hr\/#website","url":"https:\/\/opg-pucer.hr\/","name":"Viva Diego","description":"App Gro\u017enjan","publisher":{"@id":"https:\/\/opg-pucer.hr\/#organization"},"potentialAction":[{"@type":"SearchAction","target":{"@type":"EntryPoint","urlTemplate":"https:\/\/opg-pucer.hr\/?s={search_term_string}"},"query-input":{"@type":"PropertyValueSpecification","valueRequired":true,"valueName":"search_term_string"}}],"inLanguage":"en-US"},{"@type":"Organization","@id":"https:\/\/opg-pucer.hr\/#organization","name":"Viva Diego","url":"https:\/\/opg-pucer.hr\/","logo":{"@type":"ImageObject","inLanguage":"en-US","@id":"https:\/\/opg-pucer.hr\/#\/schema\/logo\/image\/","url":"https:\/\/opg-pucer.hr\/wp-content\/uploads\/2025\/08\/pucer_logo.png","contentUrl":"https:\/\/opg-pucer.hr\/wp-content\/uploads\/2025\/08\/pucer_logo.png","width":531,"height":380,"caption":"Viva Diego"},"image":{"@id":"https:\/\/opg-pucer.hr\/#\/schema\/logo\/image\/"}}]}},"_links":{"self":[{"href":"https:\/\/opg-pucer.hr\/en\/wp-json\/wp\/v2\/pages\/2976","targetHints":{"allow":["GET"]}}],"collection":[{"href":"https:\/\/opg-pucer.hr\/en\/wp-json\/wp\/v2\/pages"}],"about":[{"href":"https:\/\/opg-pucer.hr\/en\/wp-json\/wp\/v2\/types\/page"}],"author":[{"embeddable":true,"href":"https:\/\/opg-pucer.hr\/en\/wp-json\/wp\/v2\/users\/1"}],"replies":[{"embeddable":true,"href":"https:\/\/opg-pucer.hr\/en\/wp-json\/wp\/v2\/comments?post=2976"}],"version-history":[{"count":2,"href":"https:\/\/opg-pucer.hr\/en\/wp-json\/wp\/v2\/pages\/2976\/revisions"}],"predecessor-version":[{"id":2985,"href":"https:\/\/opg-pucer.hr\/en\/wp-json\/wp\/v2\/pages\/2976\/revisions\/2985"}],"wp:featuredmedia":[{"embeddable":true,"href":"https:\/\/opg-pucer.hr\/en\/wp-json\/wp\/v2\/media\/2899"}],"wp:attachment":[{"href":"https:\/\/opg-pucer.hr\/en\/wp-json\/wp\/v2\/media?parent=2976"}],"curies":[{"name":"wp","href":"https:\/\/api.w.org\/{rel}","templated":true}]}}